{"id":16,"date":"2019-07-02T05:11:45","date_gmt":"2019-07-02T05:11:45","guid":{"rendered":"https:\/\/somosempire.com.br\/drrafaelfiorin\/?page_id=16"},"modified":"2024-08-29T00:04:44","modified_gmt":"2024-08-29T00:04:44","slug":"empresa","status":"publish","type":"page","link":"https:\/\/petsaude.vet.br\/site\/?page_id=16","title":{"rendered":"EMPRESA"},"content":{"rendered":"\t\t<div data-elementor-type=\"wp-post\" data-elementor-id=\"16\" class=\"elementor elementor-16\" data-elementor-settings=\"[]\">\n\t\t\t\t\t\t\t<div class=\"elementor-section-wrap\">\n\t\t\t\t\t\t\t<section class=\"elementor-section elementor-top-section elementor-element elementor-element-6c8dc32 elementor-section-content-middle elementor-section-boxed elementor-section-height-default elementor-section-height-default\" data-id=\"6c8dc32\" data-element_type=\"section\">\n\t\t\t\t\t\t<div class=\"elementor-container elementor-column-gap-no\">\n\t\t\t\t\t<div class=\"elementor-column elementor-col-50 elementor-top-column elementor-element elementor-element-62d28d8\" data-id=\"62d28d8\" data-element_type=\"column\">\n\t\t\t<div class=\"elementor-widget-wrap elementor-element-populated\">\n\t\t\t\t\t\t\t\t<div class=\"elementor-element elementor-element-32a88c4 elementor-widget elementor-widget-image\" data-id=\"32a88c4\" data-element_type=\"widget\" data-widget_type=\"image.default\">\n\t\t\t\t<div class=\"elementor-widget-container\">\n\t\t\t\t\t\t\t\t\t\t\t\t\t\t\t<img decoding=\"async\" width=\"540\" height=\"425\" src=\"https:\/\/petsaude.vet.br\/site\/wp-content\/uploads\/2020\/08\/founders-free-img.jpg\" class=\"attachment-large size-large\" alt=\"\" loading=\"lazy\" srcset=\"https:\/\/petsaude.vet.br\/site\/wp-content\/uploads\/2020\/08\/founders-free-img.jpg 540w, https:\/\/petsaude.vet.br\/site\/wp-content\/uploads\/2020\/08\/founders-free-img-300x236.jpg 300w\" sizes=\"(max-width: 540px) 100vw, 540px\" \/>\t\t\t\t\t\t\t\t\t\t\t\t\t\t\t<\/div>\n\t\t\t\t<\/div>\n\t\t\t\t\t<\/div>\n\t\t<\/div>\n\t\t\t\t<div class=\"elementor-column elementor-col-50 elementor-top-column elementor-element elementor-element-8fce6a1\" data-id=\"8fce6a1\" data-element_type=\"column\">\n\t\t\t<div class=\"elementor-widget-wrap elementor-element-populated\">\n\t\t\t\t\t\t\t\t<div class=\"elementor-element elementor-element-67db0e5 elementor-position-top elementor-vertical-align-top elementor-widget elementor-widget-image-box\" data-id=\"67db0e5\" data-element_type=\"widget\" data-widget_type=\"image-box.default\">\n\t\t\t\t<div class=\"elementor-widget-container\">\n\t\t\t<div class=\"elementor-image-box-wrapper\"><div class=\"elementor-image-box-content\"><h3 class=\"elementor-image-box-title\">Quem Somos<\/h3><p class=\"elementor-image-box-description\">Nossa empresa nasceu em maio de 2005, com o desejo de fazer tudo o que estiver ao nosso alcance para que pets, tutores e colaboradores se sintam em casa. Acreditamos que sa\u00fade \u00e9 preven\u00e7\u00e3o, cuidado e informa\u00e7\u00e3o. Justamente por termos essa vis\u00e3o que em 2005 criamos o plano de sa\u00fade PET SA\u00daDE, sendo uma das primeiras cl\u00ednicas veterin\u00e1rias em Laranjeiras a ter mais essa comodidade e economia para nossos clientes.<\/p><\/div><\/div>\t\t<\/div>\n\t\t\t\t<\/div>\n\t\t\t\t\t<\/div>\n\t\t<\/div>\n\t\t\t\t\t\t\t<\/div>\n\t\t<\/section>\n\t\t\t\t<section class=\"elementor-section elementor-top-section elementor-element elementor-element-04516fb elementor-section-boxed elementor-section-height-default elementor-section-height-default\" data-id=\"04516fb\" data-element_type=\"section\" data-settings=\"{&quot;background_background&quot;:&quot;classic&quot;}\">\n\t\t\t\t\t\t<div class=\"elementor-container elementor-column-gap-default\">\n\t\t\t\t\t<div class=\"elementor-column elementor-col-100 elementor-top-column elementor-element elementor-element-4574c47\" data-id=\"4574c47\" data-element_type=\"column\">\n\t\t\t<div class=\"elementor-widget-wrap elementor-element-populated\">\n\t\t\t\t\t\t\t\t<section class=\"elementor-section elementor-inner-section elementor-element elementor-element-08badc9 elementor-section-boxed elementor-section-height-default elementor-section-height-default\" data-id=\"08badc9\" data-element_type=\"section\">\n\t\t\t\t\t\t<div class=\"elementor-container elementor-column-gap-wider\">\n\t\t\t\t\t<div class=\"elementor-column elementor-col-33 elementor-inner-column elementor-element elementor-element-cb0ed4e\" data-id=\"cb0ed4e\" data-element_type=\"column\">\n\t\t\t<div class=\"elementor-widget-wrap elementor-element-populated\">\n\t\t\t\t\t\t\t\t<div class=\"elementor-element elementor-element-2747d35 elementor-position-top elementor-vertical-align-top elementor-widget elementor-widget-image-box\" data-id=\"2747d35\" data-element_type=\"widget\" data-widget_type=\"image-box.default\">\n\t\t\t\t<div class=\"elementor-widget-container\">\n\t\t\t<div class=\"elementor-image-box-wrapper\"><div class=\"elementor-image-box-content\"><h3 class=\"elementor-image-box-title\">Vis\u00e3o<\/h3><p class=\"elementor-image-box-description\">Manter a excel\u00eancia e compet\u00eancia no tratamento, oferecendo aos respons\u00e1veis ou tutores tratamento humanizada.<\/p><\/div><\/div>\t\t<\/div>\n\t\t\t\t<\/div>\n\t\t\t\t\t<\/div>\n\t\t<\/div>\n\t\t\t\t<div class=\"elementor-column elementor-col-33 elementor-inner-column elementor-element elementor-element-955e2e9\" data-id=\"955e2e9\" data-element_type=\"column\">\n\t\t\t<div class=\"elementor-widget-wrap elementor-element-populated\">\n\t\t\t\t\t\t\t\t<div class=\"elementor-element elementor-element-104471e elementor-position-top elementor-vertical-align-top elementor-widget elementor-widget-image-box\" data-id=\"104471e\" data-element_type=\"widget\" data-widget_type=\"image-box.default\">\n\t\t\t\t<div class=\"elementor-widget-container\">\n\t\t\t<div class=\"elementor-image-box-wrapper\"><div class=\"elementor-image-box-content\"><h3 class=\"elementor-image-box-title\">Miss\u00e3o<\/h3><p class=\"elementor-image-box-description\">Proporcionar sa\u00fade e bem estar f\u00edsico aos animais por meio de conhecimento t\u00e9cnico do uso da tecnologia e do aprimoramento constante dos profissionais com carinho e dedica\u00e7\u00e3o, contribuindo com a sa\u00fade p\u00fablica.<\/p><\/div><\/div>\t\t<\/div>\n\t\t\t\t<\/div>\n\t\t\t\t\t<\/div>\n\t\t<\/div>\n\t\t\t\t<div class=\"elementor-column elementor-col-33 elementor-inner-column elementor-element elementor-element-c31390d\" data-id=\"c31390d\" data-element_type=\"column\">\n\t\t\t<div class=\"elementor-widget-wrap elementor-element-populated\">\n\t\t\t\t\t\t\t\t<div class=\"elementor-element elementor-element-a8abe91 elementor-position-top elementor-vertical-align-top elementor-widget elementor-widget-image-box\" data-id=\"a8abe91\" data-element_type=\"widget\" data-widget_type=\"image-box.default\">\n\t\t\t\t<div class=\"elementor-widget-container\">\n\t\t\t<div class=\"elementor-image-box-wrapper\"><div class=\"elementor-image-box-content\"><h3 class=\"elementor-image-box-title\">Valores<\/h3><p class=\"elementor-image-box-description\">\u00c9tica, respeito, transpar\u00eancia, honestidade acima de tudo; Comprometimento, assertividade, credibilidade e valoriza\u00e7\u00e3o a vida.<\/p><\/div><\/div>\t\t<\/div>\n\t\t\t\t<\/div>\n\t\t\t\t\t<\/div>\n\t\t<\/div>\n\t\t\t\t\t\t\t<\/div>\n\t\t<\/section>\n\t\t\t\t\t<\/div>\n\t\t<\/div>\n\t\t\t\t\t\t\t<\/div>\n\t\t<\/section>\n\t\t\t\t<section class=\"elementor-section elementor-top-section elementor-element elementor-element-1e47013 elementor-section-content-middle elementor-section-boxed elementor-section-height-default elementor-section-height-default\" data-id=\"1e47013\" data-element_type=\"section\">\n\t\t\t\t\t\t<div class=\"elementor-container elementor-column-gap-no\">\n\t\t\t\t\t<div class=\"elementor-column elementor-col-50 elementor-top-column elementor-element elementor-element-0b3d465\" data-id=\"0b3d465\" data-element_type=\"column\">\n\t\t\t<div class=\"elementor-widget-wrap elementor-element-populated\">\n\t\t\t\t\t\t\t\t<div class=\"elementor-element elementor-element-b7bd83a elementor-position-top elementor-vertical-align-top elementor-widget elementor-widget-image-box\" data-id=\"b7bd83a\" data-element_type=\"widget\" data-widget_type=\"image-box.default\">\n\t\t\t\t<div class=\"elementor-widget-container\">\n\t\t\t<div class=\"elementor-image-box-wrapper\"><div class=\"elementor-image-box-content\"><p class=\"elementor-image-box-description\">A nossa cl\u00ednica veterin\u00e1ria conta com ambientes climatizados e equipamentos modernos, que nos permitem proporcionar um atendimento diferenciado ao seu animal.<\/p><\/div><\/div>\t\t<\/div>\n\t\t\t\t<\/div>\n\t\t\t\t<div class=\"elementor-element elementor-element-246ce27 elementor-position-top elementor-vertical-align-top elementor-widget elementor-widget-image-box\" data-id=\"246ce27\" data-element_type=\"widget\" data-widget_type=\"image-box.default\">\n\t\t\t\t<div class=\"elementor-widget-container\">\n\t\t\t<div class=\"elementor-image-box-wrapper\"><div class=\"elementor-image-box-content\"><p class=\"elementor-image-box-description\">Nossa expertise est\u00e1 no mundo pet e cuidamos de cada detalhe. \u00c9 a busca constante para melhorar a qualidade de vida do seu pet. Este \u00e9 o nosso trabalho, e assim nos conectamos com pets e seus tutores.<\/p><\/div><\/div>\t\t<\/div>\n\t\t\t\t<\/div>\n\t\t\t\t\t<\/div>\n\t\t<\/div>\n\t\t\t\t<div class=\"elementor-column elementor-col-50 elementor-top-column elementor-element elementor-element-4faa410\" data-id=\"4faa410\" data-element_type=\"column\">\n\t\t\t<div class=\"elementor-widget-wrap elementor-element-populated\">\n\t\t\t\t\t\t\t\t<div class=\"elementor-element elementor-element-6b99be7 elementor-widget elementor-widget-image\" data-id=\"6b99be7\" data-element_type=\"widget\" data-widget_type=\"image.default\">\n\t\t\t\t<div class=\"elementor-widget-container\">\n\t\t\t\t\t\t\t\t\t\t\t\t\t\t\t<img decoding=\"async\" width=\"600\" height=\"505\" src=\"https:\/\/petsaude.vet.br\/site\/wp-content\/uploads\/2020\/02\/pet-sitting-team-1.png\" class=\"attachment-large size-large\" alt=\"\" loading=\"lazy\" srcset=\"https:\/\/petsaude.vet.br\/site\/wp-content\/uploads\/2020\/02\/pet-sitting-team-1.png 600w, https:\/\/petsaude.vet.br\/site\/wp-content\/uploads\/2020\/02\/pet-sitting-team-1-300x253.png 300w\" sizes=\"(max-width: 600px) 100vw, 600px\" \/>\t\t\t\t\t\t\t\t\t\t\t\t\t\t\t<\/div>\n\t\t\t\t<\/div>\n\t\t\t\t\t<\/div>\n\t\t<\/div>\n\t\t\t\t\t\t\t<\/div>\n\t\t<\/section>\n\t\t\t\t<section class=\"elementor-section elementor-top-section elementor-element elementor-element-0065113 elementor-section-content-middle elementor-section-boxed elementor-section-height-default elementor-section-height-default\" data-id=\"0065113\" data-element_type=\"section\">\n\t\t\t\t\t\t<div class=\"elementor-container elementor-column-gap-no\">\n\t\t\t\t\t<div class=\"elementor-column elementor-col-50 elementor-top-column elementor-element elementor-element-2afe633\" data-id=\"2afe633\" data-element_type=\"column\">\n\t\t\t<div class=\"elementor-widget-wrap elementor-element-populated\">\n\t\t\t\t\t\t\t\t<div class=\"elementor-element elementor-element-6f53e88 elementor-widget elementor-widget-image\" data-id=\"6f53e88\" data-element_type=\"widget\" data-widget_type=\"image.default\">\n\t\t\t\t<div class=\"elementor-widget-container\">\n\t\t\t\t\t\t\t\t\t\t\t\t\t\t\t<img decoding=\"async\" width=\"250\" height=\"310\" src=\"https:\/\/petsaude.vet.br\/site\/wp-content\/uploads\/2021\/12\/drveterinatio.jpg\" class=\"attachment-full size-full\" alt=\"\" loading=\"lazy\" srcset=\"https:\/\/petsaude.vet.br\/site\/wp-content\/uploads\/2021\/12\/drveterinatio.jpg 250w, https:\/\/petsaude.vet.br\/site\/wp-content\/uploads\/2021\/12\/drveterinatio-242x300.jpg 242w\" sizes=\"(max-width: 250px) 100vw, 250px\" \/>\t\t\t\t\t\t\t\t\t\t\t\t\t\t\t<\/div>\n\t\t\t\t<\/div>\n\t\t\t\t\t<\/div>\n\t\t<\/div>\n\t\t\t\t<div class=\"elementor-column elementor-col-50 elementor-top-column elementor-element elementor-element-08543dd\" data-id=\"08543dd\" data-element_type=\"column\">\n\t\t\t<div class=\"elementor-widget-wrap elementor-element-populated\">\n\t\t\t\t\t\t\t\t<div class=\"elementor-element elementor-element-094e360 elementor-position-top elementor-vertical-align-top elementor-widget elementor-widget-image-box\" data-id=\"094e360\" data-element_type=\"widget\" data-widget_type=\"image-box.default\">\n\t\t\t\t<div class=\"elementor-widget-container\">\n\t\t\t<div class=\"elementor-image-box-wrapper\"><div class=\"elementor-image-box-content\"><h3 class=\"elementor-image-box-title\">PET SA\u00daDE<\/h3><p class=\"elementor-image-box-description\">O PET SA\u00daDE \u00e9 uma empresa de administra\u00e7\u00e3o de planos de sa\u00fade para animais, que atua no mercado do Esp\u00edrito Santo (Grande Vit\u00f3ria). Fundada por m\u00e9dicos veterin\u00e1rios, o PET SA\u00daDE disponibiliza cl\u00ednicas, centros diagn\u00f3sticos, laborat\u00f3rios e profissionais que priorizam a seriedade e o compromisso no cuidado com a sa\u00fade do animal.<\/p><\/div><\/div>\t\t<\/div>\n\t\t\t\t<\/div>\n\t\t\t\t<div class=\"elementor-element elementor-element-4e844f0 elementor-position-top elementor-vertical-align-top elementor-widget elementor-widget-image-box\" data-id=\"4e844f0\" data-element_type=\"widget\" data-widget_type=\"image-box.default\">\n\t\t\t\t<div class=\"elementor-widget-container\">\n\t\t\t<div class=\"elementor-image-box-wrapper\"><div class=\"elementor-image-box-content\"><p class=\"elementor-image-box-description\">Para tanto, esses profissionais n\u00e3o medem esfor\u00e7os para expandir a ideia de levar os benef\u00edcios do PET SA\u00daDE a seus conveniados, proporcionando assist\u00eancia m\u00e9dica veterin\u00e1ria de qualidade com custos reduzidos a um maior n\u00famero de interessados<\/p><\/div><\/div>\t\t<\/div>\n\t\t\t\t<\/div>\n\t\t\t\t\t<\/div>\n\t\t<\/div>\n\t\t\t\t\t\t\t<\/div>\n\t\t<\/section>\n\t\t\t\t<section class=\"elementor-section elementor-top-section elementor-element elementor-element-4bb69b0 elementor-section-boxed elementor-section-height-default elementor-section-height-default\" data-id=\"4bb69b0\" data-element_type=\"section\" data-settings=\"{&quot;background_background&quot;:&quot;classic&quot;}\">\n\t\t\t\t\t\t<div class=\"elementor-container elementor-column-gap-no\">\n\t\t\t\t\t<div class=\"elementor-column elementor-col-100 elementor-top-column elementor-element elementor-element-efac86a\" data-id=\"efac86a\" data-element_type=\"column\">\n\t\t\t<div class=\"elementor-widget-wrap elementor-element-populated\">\n\t\t\t\t\t\t\t\t<div class=\"elementor-element elementor-element-f12268a elementor-widget elementor-widget-heading\" data-id=\"f12268a\" data-element_type=\"widget\" data-widget_type=\"heading.default\">\n\t\t\t\t<div class=\"elementor-widget-container\">\n\t\t\t<h2 class=\"elementor-heading-title elementor-size-default\">Vantagens<\/h2>\t\t<\/div>\n\t\t\t\t<\/div>\n\t\t\t\t<div class=\"elementor-element elementor-element-855f5b5 elementor-align-left elementor-icon-list--layout-traditional elementor-list-item-link-full_width elementor-widget elementor-widget-icon-list\" data-id=\"855f5b5\" data-element_type=\"widget\" data-widget_type=\"icon-list.default\">\n\t\t\t\t<div class=\"elementor-widget-container\">\n\t\t\t\t\t<ul class=\"elementor-icon-list-items\">\n\t\t\t\t\t\t\t<li class=\"elementor-icon-list-item\">\n\t\t\t\t\t\t\t\t\t\t\t<span class=\"elementor-icon-list-icon\">\n\t\t\t\t\t\t\t<i aria-hidden=\"true\" class=\"fas fa-check\"><\/i>\t\t\t\t\t\t<\/span>\n\t\t\t\t\t\t\t\t\t\t<span class=\"elementor-icon-list-text\">O corpo de veterin\u00e1rios de nossa cl\u00ednica \u00e9 formado por profissionais capacitados e que amam o que fazem. Voc\u00ea pode ter a certeza e a tranquilidade de que eles ir\u00e3o tratar o seu animal com muito respeito e carinho<\/span>\n\t\t\t\t\t\t\t\t\t<\/li>\n\t\t\t\t\t\t\t\t<li class=\"elementor-icon-list-item\">\n\t\t\t\t\t\t\t\t\t\t\t<span class=\"elementor-icon-list-icon\">\n\t\t\t\t\t\t\t<i aria-hidden=\"true\" class=\"fas fa-check\"><\/i>\t\t\t\t\t\t<\/span>\n\t\t\t\t\t\t\t\t\t\t<span class=\"elementor-icon-list-text\">Voc\u00ea pode ter um plano de sa\u00fade exclusivo para seu PET<\/span>\n\t\t\t\t\t\t\t\t\t<\/li>\n\t\t\t\t\t\t\t\t<li class=\"elementor-icon-list-item\">\n\t\t\t\t\t\t\t\t\t\t\t<span class=\"elementor-icon-list-icon\">\n\t\t\t\t\t\t\t<i aria-hidden=\"true\" class=\"fas fa-check\"><\/i>\t\t\t\t\t\t<\/span>\n\t\t\t\t\t\t\t\t\t\t<span class=\"elementor-icon-list-text\">A vantagem que o associado ter\u00e1 ao inscrever o seu animalzinho em qualquer uma das categorias dos nossos planos, \u00e9 que ele poder\u00e1 frequentar mais assiduamente o consult\u00f3rio veterin\u00e1rio, agindo assim, na preven\u00e7\u00e3o de doen\u00e7as futuras com a utiliza\u00e7\u00e3o de vacinas concedidas pelo plano, possibilitando ao profissional veterin\u00e1rio diagnosticar com anteced\u00eancia qualquer anomalia na sa\u00fade do animal<\/span>\n\t\t\t\t\t\t\t\t\t<\/li>\n\t\t\t\t\t\t\t\t<li class=\"elementor-icon-list-item\">\n\t\t\t\t\t\t\t\t\t\t\t<span class=\"elementor-icon-list-icon\">\n\t\t\t\t\t\t\t<i aria-hidden=\"true\" class=\"fas fa-check\"><\/i>\t\t\t\t\t\t<\/span>\n\t\t\t\t\t\t\t\t\t\t<span class=\"elementor-icon-list-text\">Hoje por motivos financeiros, emplacamos a triste m\u00e9dia de apenas procurar ajuda profissional, quando o animalzinho se encontra visivelmente, para n\u00e3o dizer totalmente, debilitado e quando n\u00e3o h\u00e1 mais como evitar<\/span>\n\t\t\t\t\t\t\t\t\t<\/li>\n\t\t\t\t\t\t<\/ul>\n\t\t\t\t<\/div>\n\t\t\t\t<\/div>\n\t\t\t\t\t<\/div>\n\t\t<\/div>\n\t\t\t\t\t\t\t<\/div>\n\t\t<\/section>\n\t\t\t\t<section class=\"elementor-section elementor-top-section elementor-element elementor-element-9dfbcd1 elementor-section-boxed elementor-section-height-default elementor-section-height-default\" data-id=\"9dfbcd1\" data-element_type=\"section\">\n\t\t\t\t\t\t<div class=\"elementor-container elementor-column-gap-default\">\n\t\t\t\t\t<div class=\"elementor-column elementor-col-100 elementor-top-column elementor-element elementor-element-599da49\" data-id=\"599da49\" data-element_type=\"column\">\n\t\t\t<div class=\"elementor-widget-wrap elementor-element-populated\">\n\t\t\t\t\t\t\t\t<div class=\"elementor-element elementor-element-cb08d6d elementor-position-top elementor-vertical-align-top elementor-widget elementor-widget-image-box\" data-id=\"cb08d6d\" data-element_type=\"widget\" data-widget_type=\"image-box.default\">\n\t\t\t\t<div class=\"elementor-widget-container\">\n\t\t\t<div class=\"elementor-image-box-wrapper\"><div class=\"elementor-image-box-content\"><h2 class=\"elementor-image-box-title\">Agendar hor\u00e1rio<\/h2><p class=\"elementor-image-box-description\">Entre em contato com a nossa equipe ainda hoje<\/p><\/div><\/div>\t\t<\/div>\n\t\t\t\t<\/div>\n\t\t\t\t<div class=\"elementor-element elementor-element-39a4fb6 elementor-mobile-align-center elementor-align-center elementor-widget elementor-widget-button\" data-id=\"39a4fb6\" data-element_type=\"widget\" data-widget_type=\"button.default\">\n\t\t\t\t<div class=\"elementor-widget-container\">\n\t\t\t\t\t<div class=\"elementor-button-wrapper\">\n\t\t\t<a href=\"https:\/\/wa.me\/5527996066469\" class=\"elementor-button-link elementor-button elementor-size-md\" role=\"button\">\n\t\t\t\t\t\t<span class=\"elementor-button-content-wrapper\">\n\t\t\t\t\t\t<span class=\"elementor-button-icon elementor-align-icon-right\">\n\t\t\t\t<i aria-hidden=\"true\" class=\"fas fa-caret-right\"><\/i>\t\t\t<\/span>\n\t\t\t\t\t\t<span class=\"elementor-button-text\">Agendar Hor\u00e1rio<\/span>\n\t\t<\/span>\n\t\t\t\t\t<\/a>\n\t\t<\/div>\n\t\t\t\t<\/div>\n\t\t\t\t<\/div>\n\t\t\t\t\t<\/div>\n\t\t<\/div>\n\t\t\t\t\t\t\t<\/div>\n\t\t<\/section>\n\t\t\t\t\t\t<\/div>\n\t\t\t\t\t<\/div>\n\t\t","protected":false},"excerpt":{"rendered":"<p>Quem Somos Nossa empresa nasceu em maio de 2005, com o desejo de fazer tudo o que estiver ao nosso alcance para que pets, tutores e colaboradores se sintam em casa. Acreditamos que sa\u00fade \u00e9 preven\u00e7\u00e3o, cuidado e informa\u00e7\u00e3o. Justamente por termos essa vis\u00e3o que em 2005 criamos o plano de sa\u00fade PET SA\u00daDE, sendo &hellip;<\/p>\n<p class=\"read-more\"> <a class=\"\" href=\"https:\/\/petsaude.vet.br\/site\/?page_id=16\"> <span class=\"screen-reader-text\">EMPRESA<\/span> Leia mais &raquo;<\/a><\/p>\n","protected":false},"author":1,"featured_media":0,"parent":0,"menu_order":0,"comment_status":"closed","ping_status":"closed","template":"","meta":{"site-sidebar-layout":"no-sidebar","site-content-layout":"page-builder","ast-main-header-display":"","ast-hfb-above-header-display":"","ast-hfb-below-header-display":"","ast-hfb-mobile-header-display":"","site-post-title":"disabled","ast-breadcrumbs-content":"","ast-featured-img":"disabled","footer-sml-layout":"","theme-transparent-header-meta":"default","adv-header-id-meta":"","stick-header-meta":"","header-above-stick-meta":"","header-main-stick-meta":"","header-below-stick-meta":""},"_links":{"self":[{"href":"https:\/\/petsaude.vet.br\/site\/index.php?rest_route=\/wp\/v2\/pages\/16"}],"collection":[{"href":"https:\/\/petsaude.vet.br\/site\/index.php?rest_route=\/wp\/v2\/pages"}],"about":[{"href":"https:\/\/petsaude.vet.br\/site\/index.php?rest_route=\/wp\/v2\/types\/page"}],"author":[{"embeddable":true,"href":"https:\/\/petsaude.vet.br\/site\/index.php?rest_route=\/wp\/v2\/users\/1"}],"replies":[{"embeddable":true,"href":"https:\/\/petsaude.vet.br\/site\/index.php?rest_route=%2Fwp%2Fv2%2Fcomments&post=16"}],"version-history":[{"count":29,"href":"https:\/\/petsaude.vet.br\/site\/index.php?rest_route=\/wp\/v2\/pages\/16\/revisions"}],"predecessor-version":[{"id":761,"href":"https:\/\/petsaude.vet.br\/site\/index.php?rest_route=\/wp\/v2\/pages\/16\/revisions\/761"}],"wp:attachment":[{"href":"https:\/\/petsaude.vet.br\/site\/index.php?rest_route=%2Fwp%2Fv2%2Fmedia&parent=16"}],"curies":[{"name":"wp","href":"https:\/\/api.w.org\/{rel}","templated":true}]}}