{"id":18,"date":"2019-07-02T05:11:45","date_gmt":"2019-07-02T05:11:45","guid":{"rendered":"https:\/\/somosempire.com.br\/drrafaelfiorin\/?page_id=18"},"modified":"2024-08-30T13:51:10","modified_gmt":"2024-08-30T13:51:10","slug":"plano-de-saude","status":"publish","type":"page","link":"https:\/\/petsaude.vet.br\/site\/?page_id=18","title":{"rendered":"PLANO DE SA\u00daDE"},"content":{"rendered":"\t\t<div data-elementor-type=\"wp-post\" data-elementor-id=\"18\" class=\"elementor elementor-18\" data-elementor-settings=\"[]\">\n\t\t\t\t\t\t\t<div class=\"elementor-section-wrap\">\n\t\t\t\t\t\t\t<section class=\"elementor-section elementor-top-section elementor-element elementor-element-7137ac2 elementor-section-boxed elementor-section-height-default elementor-section-height-default\" data-id=\"7137ac2\" data-element_type=\"section\" data-settings=\"{&quot;background_background&quot;:&quot;classic&quot;}\">\n\t\t\t\t\t\t<div class=\"elementor-container elementor-column-gap-no\">\n\t\t\t\t\t<div class=\"elementor-column elementor-col-100 elementor-top-column elementor-element elementor-element-56590e2\" data-id=\"56590e2\" data-element_type=\"column\">\n\t\t\t<div class=\"elementor-widget-wrap elementor-element-populated\">\n\t\t\t\t\t\t\t\t<section class=\"elementor-section elementor-inner-section elementor-element elementor-element-1ac3ca7 elementor-section-content-middle elementor-section-boxed elementor-section-height-default elementor-section-height-default\" data-id=\"1ac3ca7\" data-element_type=\"section\">\n\t\t\t\t\t\t<div class=\"elementor-container elementor-column-gap-default\">\n\t\t\t\t\t<div class=\"elementor-column elementor-col-50 elementor-inner-column elementor-element elementor-element-4ee5aa0\" data-id=\"4ee5aa0\" data-element_type=\"column\">\n\t\t\t<div class=\"elementor-widget-wrap elementor-element-populated\">\n\t\t\t\t\t\t\t\t<div class=\"elementor-element elementor-element-6692de0 elementor-widget elementor-widget-heading\" data-id=\"6692de0\" data-element_type=\"widget\" data-widget_type=\"heading.default\">\n\t\t\t\t<div class=\"elementor-widget-container\">\n\t\t\t<h2 class=\"elementor-heading-title elementor-size-default\">O melhor plano para seu Pet<\/h2>\t\t<\/div>\n\t\t\t\t<\/div>\n\t\t\t\t<div class=\"elementor-element elementor-element-803d698 elementor-widget elementor-widget-text-editor\" data-id=\"803d698\" data-element_type=\"widget\" data-widget_type=\"text-editor.default\">\n\t\t\t\t<div class=\"elementor-widget-container\">\n\t\t\t\t\t\t\t<p>O PET SA\u00daDE \u00e9 uma empresa de administra\u00e7\u00e3o de planos de sa\u00fade para animais, que atua no mercado do Esp\u00edrito Santo (Grande Vit\u00f3ria). Fundada por m\u00e9dicos veterin\u00e1rios, o PET SA\u00daDE disponibiliza cl\u00ednicas, centros diagn\u00f3sticos, laborat\u00f3rios e profissionais que priorizam a seriedade e o compromisso no cuidado com a sa\u00fade do animal.<\/p><p>Para tanto, esses profissionais n\u00e3o medem esfor\u00e7os para expandir a ideia de levar os benef\u00edcios do PET SA\u00daDE a seus conveniados, proporcionando assist\u00eancia m\u00e9dica veterin\u00e1ria de qualidade com custos reduzidos a um maior n\u00famero de interessados.<\/p>\t\t\t\t\t\t<\/div>\n\t\t\t\t<\/div>\n\t\t\t\t<div class=\"elementor-element elementor-element-fdf67ca elementor-widget elementor-widget-text-editor\" data-id=\"fdf67ca\" data-element_type=\"widget\" data-widget_type=\"text-editor.default\">\n\t\t\t\t<div class=\"elementor-widget-container\">\n\t\t\t\t\t\t\tN\u00e3o medimos esfor\u00e7os para expandir a ideia de levar os benef\u00edcios do PET SA\u00daDE a seus conveniados, proporcionando assist\u00eancia m\u00e9dica veterin\u00e1ria de qualidade com custos reduzidos a um maior n\u00famero de interessados.\t\t\t\t\t\t<\/div>\n\t\t\t\t<\/div>\n\t\t\t\t\t<\/div>\n\t\t<\/div>\n\t\t\t\t<div class=\"elementor-column elementor-col-50 elementor-inner-column elementor-element elementor-element-0c90e31\" data-id=\"0c90e31\" data-element_type=\"column\">\n\t\t\t<div class=\"elementor-widget-wrap elementor-element-populated\">\n\t\t\t\t\t\t\t\t<div class=\"elementor-element elementor-element-ac858ad elementor-widget elementor-widget-image\" data-id=\"ac858ad\" data-element_type=\"widget\" data-widget_type=\"image.default\">\n\t\t\t\t<div class=\"elementor-widget-container\">\n\t\t\t\t\t\t\t\t\t\t\t\t\t\t\t<img decoding=\"async\" width=\"936\" height=\"767\" src=\"https:\/\/petsaude.vet.br\/site\/wp-content\/uploads\/2021\/03\/girl-with-dog-1.png\" class=\"attachment-large size-large\" alt=\"\" loading=\"lazy\" srcset=\"https:\/\/petsaude.vet.br\/site\/wp-content\/uploads\/2021\/03\/girl-with-dog-1.png 936w, https:\/\/petsaude.vet.br\/site\/wp-content\/uploads\/2021\/03\/girl-with-dog-1-300x246.png 300w, https:\/\/petsaude.vet.br\/site\/wp-content\/uploads\/2021\/03\/girl-with-dog-1-768x629.png 768w\" sizes=\"(max-width: 936px) 100vw, 936px\" \/>\t\t\t\t\t\t\t\t\t\t\t\t\t\t\t<\/div>\n\t\t\t\t<\/div>\n\t\t\t\t\t<\/div>\n\t\t<\/div>\n\t\t\t\t\t\t\t<\/div>\n\t\t<\/section>\n\t\t\t\t<section class=\"elementor-section elementor-inner-section elementor-element elementor-element-6490f34 elementor-section-boxed elementor-section-height-default elementor-section-height-default\" data-id=\"6490f34\" data-element_type=\"section\">\n\t\t\t\t\t\t<div class=\"elementor-container elementor-column-gap-default\">\n\t\t\t\t\t<div class=\"elementor-column elementor-col-33 elementor-inner-column elementor-element elementor-element-9408bdd\" data-id=\"9408bdd\" data-element_type=\"column\" data-settings=\"{&quot;background_background&quot;:&quot;classic&quot;}\">\n\t\t\t<div class=\"elementor-widget-wrap elementor-element-populated\">\n\t\t\t\t\t\t\t\t<div class=\"elementor-element elementor-element-62582d8 elementor-widget elementor-widget-image\" data-id=\"62582d8\" data-element_type=\"widget\" data-widget_type=\"image.default\">\n\t\t\t\t<div class=\"elementor-widget-container\">\n\t\t\t\t\t\t\t\t\t\t\t\t\t\t\t\t<a href=\"https:\/\/petsaude.vet.br\/site\/wp-content\/uploads\/2022\/10\/pet-basico-site-2.png\" data-elementor-open-lightbox=\"yes\" data-elementor-lightbox-title=\"pet basico site 2\">\n\t\t\t\t\t\t\t<img decoding=\"async\" width=\"1414\" height=\"2000\" src=\"https:\/\/petsaude.vet.br\/site\/wp-content\/uploads\/2022\/10\/pet-basico-site-2.png\" class=\"attachment-full size-full\" alt=\"\" loading=\"lazy\" srcset=\"https:\/\/petsaude.vet.br\/site\/wp-content\/uploads\/2022\/10\/pet-basico-site-2.png 1414w, https:\/\/petsaude.vet.br\/site\/wp-content\/uploads\/2022\/10\/pet-basico-site-2-212x300.png 212w, https:\/\/petsaude.vet.br\/site\/wp-content\/uploads\/2022\/10\/pet-basico-site-2-724x1024.png 724w, https:\/\/petsaude.vet.br\/site\/wp-content\/uploads\/2022\/10\/pet-basico-site-2-768x1086.png 768w, https:\/\/petsaude.vet.br\/site\/wp-content\/uploads\/2022\/10\/pet-basico-site-2-1086x1536.png 1086w\" sizes=\"(max-width: 1414px) 100vw, 1414px\" \/>\t\t\t\t\t\t\t\t<\/a>\n\t\t\t\t\t\t\t\t\t\t\t\t\t\t\t<\/div>\n\t\t\t\t<\/div>\n\t\t\t\t\t<\/div>\n\t\t<\/div>\n\t\t\t\t<div class=\"elementor-column elementor-col-33 elementor-inner-column elementor-element elementor-element-3277421\" data-id=\"3277421\" data-element_type=\"column\" data-settings=\"{&quot;background_background&quot;:&quot;classic&quot;}\">\n\t\t\t<div class=\"elementor-widget-wrap elementor-element-populated\">\n\t\t\t\t\t\t\t\t<div class=\"elementor-element elementor-element-1b40c9e elementor-widget elementor-widget-image\" data-id=\"1b40c9e\" data-element_type=\"widget\" data-widget_type=\"image.default\">\n\t\t\t\t<div class=\"elementor-widget-container\">\n\t\t\t\t\t\t\t\t\t\t\t\t\t\t\t\t<a href=\"https:\/\/petsaude.vet.br\/site\/wp-content\/uploads\/2022\/10\/pet-fit-site-2.png\" data-elementor-open-lightbox=\"yes\" data-elementor-lightbox-title=\"pet fit site 2\">\n\t\t\t\t\t\t\t<img decoding=\"async\" width=\"1414\" height=\"2000\" src=\"https:\/\/petsaude.vet.br\/site\/wp-content\/uploads\/2022\/10\/pet-fit-site-2.png\" class=\"attachment-full size-full\" alt=\"\" loading=\"lazy\" srcset=\"https:\/\/petsaude.vet.br\/site\/wp-content\/uploads\/2022\/10\/pet-fit-site-2.png 1414w, https:\/\/petsaude.vet.br\/site\/wp-content\/uploads\/2022\/10\/pet-fit-site-2-212x300.png 212w, https:\/\/petsaude.vet.br\/site\/wp-content\/uploads\/2022\/10\/pet-fit-site-2-724x1024.png 724w, https:\/\/petsaude.vet.br\/site\/wp-content\/uploads\/2022\/10\/pet-fit-site-2-768x1086.png 768w, https:\/\/petsaude.vet.br\/site\/wp-content\/uploads\/2022\/10\/pet-fit-site-2-1086x1536.png 1086w\" sizes=\"(max-width: 1414px) 100vw, 1414px\" \/>\t\t\t\t\t\t\t\t<\/a>\n\t\t\t\t\t\t\t\t\t\t\t\t\t\t\t<\/div>\n\t\t\t\t<\/div>\n\t\t\t\t\t<\/div>\n\t\t<\/div>\n\t\t\t\t<div class=\"elementor-column elementor-col-33 elementor-inner-column elementor-element elementor-element-9af1469\" data-id=\"9af1469\" data-element_type=\"column\" data-settings=\"{&quot;background_background&quot;:&quot;classic&quot;}\">\n\t\t\t<div class=\"elementor-widget-wrap elementor-element-populated\">\n\t\t\t\t\t\t\t\t<div class=\"elementor-element elementor-element-cbef707 elementor-widget elementor-widget-image\" data-id=\"cbef707\" data-element_type=\"widget\" data-widget_type=\"image.default\">\n\t\t\t\t<div class=\"elementor-widget-container\">\n\t\t\t\t\t\t\t\t\t\t\t\t\t\t\t\t<a href=\"https:\/\/petsaude.vet.br\/site\/wp-content\/uploads\/2022\/10\/pet-Odonto-site-2.png\" data-elementor-open-lightbox=\"yes\" data-elementor-lightbox-title=\"pet Odonto site 2\">\n\t\t\t\t\t\t\t<img decoding=\"async\" width=\"724\" height=\"1024\" src=\"https:\/\/petsaude.vet.br\/site\/wp-content\/uploads\/2022\/10\/pet-Odonto-site-2-724x1024.png\" class=\"attachment-large size-large\" alt=\"\" loading=\"lazy\" srcset=\"https:\/\/petsaude.vet.br\/site\/wp-content\/uploads\/2022\/10\/pet-Odonto-site-2-724x1024.png 724w, https:\/\/petsaude.vet.br\/site\/wp-content\/uploads\/2022\/10\/pet-Odonto-site-2-212x300.png 212w, https:\/\/petsaude.vet.br\/site\/wp-content\/uploads\/2022\/10\/pet-Odonto-site-2-768x1086.png 768w, https:\/\/petsaude.vet.br\/site\/wp-content\/uploads\/2022\/10\/pet-Odonto-site-2-1086x1536.png 1086w, https:\/\/petsaude.vet.br\/site\/wp-content\/uploads\/2022\/10\/pet-Odonto-site-2.png 1414w\" sizes=\"(max-width: 724px) 100vw, 724px\" \/>\t\t\t\t\t\t\t\t<\/a>\n\t\t\t\t\t\t\t\t\t\t\t\t\t\t\t<\/div>\n\t\t\t\t<\/div>\n\t\t\t\t\t<\/div>\n\t\t<\/div>\n\t\t\t\t\t\t\t<\/div>\n\t\t<\/section>\n\t\t\t\t\t<\/div>\n\t\t<\/div>\n\t\t\t\t\t\t\t<\/div>\n\t\t<\/section>\n\t\t\t\t<section class=\"elementor-section elementor-top-section elementor-element elementor-element-dfba1db elementor-section-boxed elementor-section-height-default elementor-section-height-default\" data-id=\"dfba1db\" data-element_type=\"section\">\n\t\t\t\t\t\t<div class=\"elementor-container elementor-column-gap-no\">\n\t\t\t\t\t<div class=\"elementor-column elementor-col-100 elementor-top-column elementor-element elementor-element-6eedece\" data-id=\"6eedece\" data-element_type=\"column\">\n\t\t\t<div class=\"elementor-widget-wrap elementor-element-populated\">\n\t\t\t\t\t\t\t\t<section class=\"elementor-section elementor-inner-section elementor-element elementor-element-cbc0acf elementor-section-boxed elementor-section-height-default elementor-section-height-default\" data-id=\"cbc0acf\" data-element_type=\"section\">\n\t\t\t\t\t\t<div class=\"elementor-container elementor-column-gap-no\">\n\t\t\t\t\t<div class=\"elementor-column elementor-col-50 elementor-inner-column elementor-element elementor-element-d56f4f8\" data-id=\"d56f4f8\" data-element_type=\"column\" data-settings=\"{&quot;background_background&quot;:&quot;classic&quot;}\">\n\t\t\t<div class=\"elementor-widget-wrap elementor-element-populated\">\n\t\t\t\t\t\t\t\t<div class=\"elementor-element elementor-element-e31147c elementor-widget elementor-widget-image\" data-id=\"e31147c\" data-element_type=\"widget\" data-widget_type=\"image.default\">\n\t\t\t\t<div class=\"elementor-widget-container\">\n\t\t\t\t\t\t\t\t\t\t\t\t\t\t\t<img decoding=\"async\" width=\"1414\" height=\"2000\" src=\"https:\/\/petsaude.vet.br\/site\/wp-content\/uploads\/2022\/10\/Master-site-2.png\" class=\"attachment-full size-full\" alt=\"\" loading=\"lazy\" srcset=\"https:\/\/petsaude.vet.br\/site\/wp-content\/uploads\/2022\/10\/Master-site-2.png 1414w, https:\/\/petsaude.vet.br\/site\/wp-content\/uploads\/2022\/10\/Master-site-2-212x300.png 212w, https:\/\/petsaude.vet.br\/site\/wp-content\/uploads\/2022\/10\/Master-site-2-724x1024.png 724w, https:\/\/petsaude.vet.br\/site\/wp-content\/uploads\/2022\/10\/Master-site-2-768x1086.png 768w, https:\/\/petsaude.vet.br\/site\/wp-content\/uploads\/2022\/10\/Master-site-2-1086x1536.png 1086w\" sizes=\"(max-width: 1414px) 100vw, 1414px\" \/>\t\t\t\t\t\t\t\t\t\t\t\t\t\t\t<\/div>\n\t\t\t\t<\/div>\n\t\t\t\t\t<\/div>\n\t\t<\/div>\n\t\t\t\t<div class=\"elementor-column elementor-col-50 elementor-inner-column elementor-element elementor-element-d973567\" data-id=\"d973567\" data-element_type=\"column\" data-settings=\"{&quot;background_background&quot;:&quot;classic&quot;}\">\n\t\t\t<div class=\"elementor-widget-wrap elementor-element-populated\">\n\t\t\t\t\t\t\t\t<div class=\"elementor-element elementor-element-3673525 elementor-widget elementor-widget-image\" data-id=\"3673525\" data-element_type=\"widget\" data-widget_type=\"image.default\">\n\t\t\t\t<div class=\"elementor-widget-container\">\n\t\t\t\t\t\t\t\t\t\t\t\t\t\t\t<img decoding=\"async\" width=\"1414\" height=\"2000\" src=\"https:\/\/petsaude.vet.br\/site\/wp-content\/uploads\/2022\/10\/Gold-site-2.png\" class=\"attachment-full size-full\" alt=\"\" loading=\"lazy\" srcset=\"https:\/\/petsaude.vet.br\/site\/wp-content\/uploads\/2022\/10\/Gold-site-2.png 1414w, https:\/\/petsaude.vet.br\/site\/wp-content\/uploads\/2022\/10\/Gold-site-2-212x300.png 212w, https:\/\/petsaude.vet.br\/site\/wp-content\/uploads\/2022\/10\/Gold-site-2-724x1024.png 724w, https:\/\/petsaude.vet.br\/site\/wp-content\/uploads\/2022\/10\/Gold-site-2-768x1086.png 768w, https:\/\/petsaude.vet.br\/site\/wp-content\/uploads\/2022\/10\/Gold-site-2-1086x1536.png 1086w\" sizes=\"(max-width: 1414px) 100vw, 1414px\" \/>\t\t\t\t\t\t\t\t\t\t\t\t\t\t\t<\/div>\n\t\t\t\t<\/div>\n\t\t\t\t\t<\/div>\n\t\t<\/div>\n\t\t\t\t\t\t\t<\/div>\n\t\t<\/section>\n\t\t\t\t\t<\/div>\n\t\t<\/div>\n\t\t\t\t\t\t\t<\/div>\n\t\t<\/section>\n\t\t\t\t<section class=\"elementor-section elementor-top-section elementor-element elementor-element-1a8ee19 elementor-section-boxed elementor-section-height-default elementor-section-height-default\" data-id=\"1a8ee19\" data-element_type=\"section\">\n\t\t\t\t\t\t<div class=\"elementor-container elementor-column-gap-no\">\n\t\t\t\t\t<div class=\"elementor-column elementor-col-100 elementor-top-column elementor-element elementor-element-2081cf0\" data-id=\"2081cf0\" data-element_type=\"column\">\n\t\t\t<div class=\"elementor-widget-wrap elementor-element-populated\">\n\t\t\t\t\t\t\t\t<section class=\"elementor-section elementor-inner-section elementor-element elementor-element-1b61ea4 elementor-section-boxed elementor-section-height-default elementor-section-height-default\" data-id=\"1b61ea4\" data-element_type=\"section\">\n\t\t\t\t\t\t<div class=\"elementor-container elementor-column-gap-no\">\n\t\t\t\t\t<div class=\"elementor-column elementor-col-100 elementor-inner-column elementor-element elementor-element-3dcaf80\" data-id=\"3dcaf80\" data-element_type=\"column\">\n\t\t\t<div class=\"elementor-widget-wrap elementor-element-populated\">\n\t\t\t\t\t\t\t\t<div class=\"elementor-element elementor-element-1422826 elementor-widget elementor-widget-heading\" data-id=\"1422826\" data-element_type=\"widget\" data-widget_type=\"heading.default\">\n\t\t\t\t<div class=\"elementor-widget-container\">\n\t\t\t<h2 class=\"elementor-heading-title elementor-size-default\">Pedir Cota\u00e7\u00e3o<\/h2>\t\t<\/div>\n\t\t\t\t<\/div>\n\t\t\t\t<div class=\"elementor-element elementor-element-bc81020 elementor-widget__width-initial elementor-widget elementor-widget-shortcode\" data-id=\"bc81020\" data-element_type=\"widget\" data-widget_type=\"shortcode.default\">\n\t\t\t\t<div class=\"elementor-widget-container\">\n\t\t\t\t\t<div class=\"elementor-shortcode\"><div class=\"wpforms-container \" id=\"wpforms-700\"><form id=\"wpforms-form-700\" class=\"wpforms-validate wpforms-form wpforms-ajax-form\" data-formid=\"700\" method=\"post\" enctype=\"multipart\/form-data\" action=\"\/site\/index.php?rest_route=%2Fwp%2Fv2%2Fpages%2F18\" data-token=\"bd20941536d644f3a00cd20a243dd216\"><noscript class=\"wpforms-error-noscript\">Ative o JavaScript no seu navegador para preencher este formul\u00e1rio.<\/noscript><div class=\"wpforms-field-container\"><div id=\"wpforms-700-field_1-container\" class=\"wpforms-field wpforms-field-name\" data-field-id=\"1\"><label class=\"wpforms-field-label\" for=\"wpforms-700-field_1\">Nome <span class=\"wpforms-required-label\">*<\/span><\/label><input type=\"text\" id=\"wpforms-700-field_1\" class=\"wpforms-field-large wpforms-field-required\" name=\"wpforms[fields][1]\" required><\/div><div id=\"wpforms-700-field_2-container\" class=\"wpforms-field wpforms-field-email\" data-field-id=\"2\"><label class=\"wpforms-field-label\" for=\"wpforms-700-field_2\">E-mail <span class=\"wpforms-required-label\">*<\/span><\/label><input type=\"email\" id=\"wpforms-700-field_2\" class=\"wpforms-field-large wpforms-field-required\" name=\"wpforms[fields][2]\" required><\/div><div id=\"wpforms-700-field_3-container\" class=\"wpforms-field wpforms-field-text\" data-field-id=\"3\"><label class=\"wpforms-field-label\" for=\"wpforms-700-field_3\">Telefone\/Whatsapp<\/label><input type=\"text\" id=\"wpforms-700-field_3\" class=\"wpforms-field-large\" name=\"wpforms[fields][3]\" ><\/div><div id=\"wpforms-700-field_4-container\" class=\"wpforms-field wpforms-field-text\" data-field-id=\"4\"><label class=\"wpforms-field-label\" for=\"wpforms-700-field_4\">Cidade\/Estado<\/label><input type=\"text\" id=\"wpforms-700-field_4\" class=\"wpforms-field-large\" name=\"wpforms[fields][4]\" ><\/div><div id=\"wpforms-700-field_6-container\" class=\"wpforms-field wpforms-field-number\" data-field-id=\"6\"><label class=\"wpforms-field-label\" for=\"wpforms-700-field_6\">Idade do Pet<\/label><input type=\"number\" pattern=\"\\d*\" id=\"wpforms-700-field_6\" class=\"wpforms-field-large\" name=\"wpforms[fields][6]\" ><\/div><div id=\"wpforms-700-field_7-container\" class=\"wpforms-field wpforms-field-select wpforms-field-select-style-classic\" data-field-id=\"7\"><label class=\"wpforms-field-label\" for=\"wpforms-700-field_7\">Plano Escolhido<\/label><select id=\"wpforms-700-field_7\" class=\"wpforms-field-large\" name=\"wpforms[fields][7]\"><option value=\"Pet B\u00e1sico\" >Pet B\u00e1sico<\/option><option value=\"Pet Farma\" >Pet Farma<\/option><option value=\"Pet Master\" >Pet Master<\/option><option value=\"Pet Odontol\u00f3gico\" >Pet Odontol\u00f3gico<\/option><\/select><\/div><\/div><div class=\"wpforms-submit-container\"><input type=\"hidden\" name=\"wpforms[id]\" value=\"700\"><input type=\"hidden\" name=\"wpforms[author]\" value=\"1\"><button type=\"submit\" name=\"wpforms[submit]\" id=\"wpforms-submit-700\" class=\"wpforms-submit\" data-alt-text=\"Enviando...\" data-submit-text=\"Enviar\" aria-live=\"assertive\" value=\"wpforms-submit\">Enviar<\/button><img decoding=\"async\" loading=\"lazy\" src=\"https:\/\/petsaude.vet.br\/site\/wp-content\/plugins\/wpforms-lite\/assets\/images\/submit-spin.svg\" class=\"wpforms-submit-spinner\" style=\"display: none;\" width=\"26\" height=\"26\" alt=\"\"><\/div><\/form><\/div>  <!-- .wpforms-container --><\/div>\n\t\t\t\t<\/div>\n\t\t\t\t<\/div>\n\t\t\t\t\t<\/div>\n\t\t<\/div>\n\t\t\t\t\t\t\t<\/div>\n\t\t<\/section>\n\t\t\t\t\t<\/div>\n\t\t<\/div>\n\t\t\t\t\t\t\t<\/div>\n\t\t<\/section>\n\t\t\t\t<section class=\"elementor-section elementor-top-section elementor-element elementor-element-7d3b812 elementor-section-boxed elementor-section-height-default elementor-section-height-default\" data-id=\"7d3b812\" data-element_type=\"section\">\n\t\t\t\t\t\t<div class=\"elementor-container elementor-column-gap-no\">\n\t\t\t\t\t<div class=\"elementor-column elementor-col-100 elementor-top-column elementor-element elementor-element-dc9f64c\" data-id=\"dc9f64c\" data-element_type=\"column\">\n\t\t\t<div class=\"elementor-widget-wrap elementor-element-populated\">\n\t\t\t\t\t\t\t\t<div class=\"elementor-element elementor-element-e807ce8 elementor-widget elementor-widget-heading\" data-id=\"e807ce8\" data-element_type=\"widget\" data-widget_type=\"heading.default\">\n\t\t\t\t<div class=\"elementor-widget-container\">\n\t\t\t<h2 class=\"elementor-heading-title elementor-size-default\">Parceiros<\/h2>\t\t<\/div>\n\t\t\t\t<\/div>\n\t\t\t\t<section class=\"elementor-section elementor-inner-section elementor-element elementor-element-bba1b59 elementor-section-boxed elementor-section-height-default elementor-section-height-default\" data-id=\"bba1b59\" data-element_type=\"section\">\n\t\t\t\t\t\t<div class=\"elementor-container elementor-column-gap-no\">\n\t\t\t\t\t<div class=\"elementor-column elementor-col-33 elementor-inner-column elementor-element elementor-element-15da2cd\" data-id=\"15da2cd\" data-element_type=\"column\">\n\t\t\t<div class=\"elementor-widget-wrap elementor-element-populated\">\n\t\t\t\t\t\t\t\t<div class=\"elementor-element elementor-element-a57b41d elementor-view-framed elementor-shape-circle elementor-position-top elementor-vertical-align-top elementor-widget elementor-widget-icon-box\" data-id=\"a57b41d\" data-element_type=\"widget\" data-widget_type=\"icon-box.default\">\n\t\t\t\t<div class=\"elementor-widget-container\">\n\t\t\t\t\t<div class=\"elementor-icon-box-wrapper\">\n\t\t\t\t\t\t<div class=\"elementor-icon-box-icon\">\n\t\t\t\t<span class=\"elementor-icon elementor-animation-\" >\n\t\t\t\t<i aria-hidden=\"true\" class=\"fas fa-dog\"><\/i>\t\t\t\t<\/span>\n\t\t\t<\/div>\n\t\t\t\t\t\t<div class=\"elementor-icon-box-content\">\n\t\t\t\t<h3 class=\"elementor-icon-box-title\">\n\t\t\t\t\t<span  >\n\t\t\t\t\t\tPetfarma<br>Laranjeiras \t\t\t\t\t<\/span>\n\t\t\t\t<\/h3>\n\t\t\t\t\t\t\t\t\t<p class=\"elementor-icon-box-description\">\n\t\t\t\t\t\tAv. Eudes Scherrer de Souza, 1365<br>Laranjeiras, Serra\/ES<br>(27) 32817192<br>(27) 997618772\t\t\t\t\t<\/p>\n\t\t\t\t\t\t\t<\/div>\n\t\t<\/div>\n\t\t\t\t<\/div>\n\t\t\t\t<\/div>\n\t\t\t\t\t<\/div>\n\t\t<\/div>\n\t\t\t\t<div class=\"elementor-column elementor-col-33 elementor-inner-column elementor-element elementor-element-22281db\" data-id=\"22281db\" data-element_type=\"column\">\n\t\t\t<div class=\"elementor-widget-wrap elementor-element-populated\">\n\t\t\t\t\t\t\t\t<div class=\"elementor-element elementor-element-2010bda elementor-view-framed elementor-shape-circle elementor-position-top elementor-vertical-align-top elementor-widget elementor-widget-icon-box\" data-id=\"2010bda\" data-element_type=\"widget\" data-widget_type=\"icon-box.default\">\n\t\t\t\t<div class=\"elementor-widget-container\">\n\t\t\t\t\t<div class=\"elementor-icon-box-wrapper\">\n\t\t\t\t\t\t<div class=\"elementor-icon-box-icon\">\n\t\t\t\t<span class=\"elementor-icon elementor-animation-\" >\n\t\t\t\t<i aria-hidden=\"true\" class=\"fas fa-cat\"><\/i>\t\t\t\t<\/span>\n\t\t\t<\/div>\n\t\t\t\t\t\t<div class=\"elementor-icon-box-content\">\n\t\t\t\t<h3 class=\"elementor-icon-box-title\">\n\t\t\t\t\t<span  >\n\t\t\t\t\t\tPetfarma<br>Praia do Canto \t\t\t\t\t<\/span>\n\t\t\t\t<\/h3>\n\t\t\t\t\t\t\t\t\t<p class=\"elementor-icon-box-description\">\n\t\t\t\t\t\tRua Constante Sodr\u00e9, 929<br>loja 01, Praia do Canto, Vit\u00f3ria\/ES<br>(27) 32279045<br>(27) 31353241<br>(27) 996977288\t\t\t\t\t<\/p>\n\t\t\t\t\t\t\t<\/div>\n\t\t<\/div>\n\t\t\t\t<\/div>\n\t\t\t\t<\/div>\n\t\t\t\t\t<\/div>\n\t\t<\/div>\n\t\t\t\t<div class=\"elementor-column elementor-col-33 elementor-inner-column elementor-element elementor-element-a16b80e\" data-id=\"a16b80e\" data-element_type=\"column\">\n\t\t\t<div class=\"elementor-widget-wrap elementor-element-populated\">\n\t\t\t\t\t\t\t\t<div class=\"elementor-element elementor-element-d641f13 elementor-view-framed elementor-shape-circle elementor-position-top elementor-vertical-align-top elementor-widget elementor-widget-icon-box\" data-id=\"d641f13\" data-element_type=\"widget\" data-widget_type=\"icon-box.default\">\n\t\t\t\t<div class=\"elementor-widget-container\">\n\t\t\t\t\t<div class=\"elementor-icon-box-wrapper\">\n\t\t\t\t\t\t<div class=\"elementor-icon-box-icon\">\n\t\t\t\t<span class=\"elementor-icon elementor-animation-\" >\n\t\t\t\t<i aria-hidden=\"true\" class=\"fas fa-kiwi-bird\"><\/i>\t\t\t\t<\/span>\n\t\t\t<\/div>\n\t\t\t\t\t\t<div class=\"elementor-icon-box-content\">\n\t\t\t\t<h3 class=\"elementor-icon-box-title\">\n\t\t\t\t\t<span  >\n\t\t\t\t\t\tPetfarma<br>MELVI PET SHOP\t\t\t\t\t<\/span>\n\t\t\t\t<\/h3>\n\t\t\t\t\t\t\t\t\t<p class=\"elementor-icon-box-description\">\n\t\t\t\t\t\tAv. Saturnino Rangel Mauro, 375<br>Jardim da Penha<br>Vitoria, ES<br>(27) 33457582\t\t\t\t\t<\/p>\n\t\t\t\t\t\t\t<\/div>\n\t\t<\/div>\n\t\t\t\t<\/div>\n\t\t\t\t<\/div>\n\t\t\t\t\t<\/div>\n\t\t<\/div>\n\t\t\t\t\t\t\t<\/div>\n\t\t<\/section>\n\t\t\t\t\t<\/div>\n\t\t<\/div>\n\t\t\t\t\t\t\t<\/div>\n\t\t<\/section>\n\t\t\t\t\t\t<\/div>\n\t\t\t\t\t<\/div>\n\t\t","protected":false},"excerpt":{"rendered":"<p>O melhor plano para seu Pet O PET SA\u00daDE \u00e9 uma empresa de administra\u00e7\u00e3o de planos de sa\u00fade para animais, que atua no mercado do Esp\u00edrito Santo (Grande Vit\u00f3ria). Fundada por m\u00e9dicos veterin\u00e1rios, o PET SA\u00daDE disponibiliza cl\u00ednicas, centros diagn\u00f3sticos, laborat\u00f3rios e profissionais que priorizam a seriedade e o compromisso no cuidado com a sa\u00fade &hellip;<\/p>\n<p class=\"read-more\"> <a class=\"\" href=\"https:\/\/petsaude.vet.br\/site\/?page_id=18\"> <span class=\"screen-reader-text\">PLANO DE SA\u00daDE<\/span> Leia mais &raquo;<\/a><\/p>\n","protected":false},"author":1,"featured_media":0,"parent":0,"menu_order":0,"comment_status":"closed","ping_status":"closed","template":"","meta":{"site-sidebar-layout":"no-sidebar","site-content-layout":"page-builder","ast-main-header-display":"","ast-hfb-above-header-display":"","ast-hfb-below-header-display":"","ast-hfb-mobile-header-display":"","site-post-title":"disabled","ast-breadcrumbs-content":"","ast-featured-img":"disabled","footer-sml-layout":"","theme-transparent-header-meta":"default","adv-header-id-meta":"","stick-header-meta":"","header-above-stick-meta":"","header-main-stick-meta":"","header-below-stick-meta":""},"_links":{"self":[{"href":"https:\/\/petsaude.vet.br\/site\/index.php?rest_route=\/wp\/v2\/pages\/18"}],"collection":[{"href":"https:\/\/petsaude.vet.br\/site\/index.php?rest_route=\/wp\/v2\/pages"}],"about":[{"href":"https:\/\/petsaude.vet.br\/site\/index.php?rest_route=\/wp\/v2\/types\/page"}],"author":[{"embeddable":true,"href":"https:\/\/petsaude.vet.br\/site\/index.php?rest_route=\/wp\/v2\/users\/1"}],"replies":[{"embeddable":true,"href":"https:\/\/petsaude.vet.br\/site\/index.php?rest_route=%2Fwp%2Fv2%2Fcomments&post=18"}],"version-history":[{"count":31,"href":"https:\/\/petsaude.vet.br\/site\/index.php?rest_route=\/wp\/v2\/pages\/18\/revisions"}],"predecessor-version":[{"id":770,"href":"https:\/\/petsaude.vet.br\/site\/index.php?rest_route=\/wp\/v2\/pages\/18\/revisions\/770"}],"wp:attachment":[{"href":"https:\/\/petsaude.vet.br\/site\/index.php?rest_route=%2Fwp%2Fv2%2Fmedia&parent=18"}],"curies":[{"name":"wp","href":"https:\/\/api.w.org\/{rel}","templated":true}]}}